{"id":2822,"date":"2020-08-07T11:42:41","date_gmt":"2020-08-07T11:42:41","guid":{"rendered":"https:\/\/www.carpatec.es\/?page_id=2822"},"modified":"2020-10-13T18:22:11","modified_gmt":"2020-10-13T18:22:11","slug":"textile-architecture","status":"publish","type":"page","link":"https:\/\/www.carpatec.es\/en\/textile-architecture\/","title":{"rendered":"Textile Architecture"},"content":{"rendered":"<p>[vc_row rt_row_background_width=&#8221;fullwidth&#8221; rt_row_content_width=&#8221;default&#8221; rt_row_style=&#8221;default-style&#8221; rt_row_borders=&#8221;&#8221; rt_row_shadows=&#8221;&#8221; rt_row_paddings=&#8221;true&#8221; rt_bg_effect=&#8221;classic&#8221; rt_bg_image_repeat=&#8221;repeat&#8221; rt_bg_size=&#8221;cover&#8221; rt_bg_position=&#8221;right top&#8221; rt_bg_attachment=&#8221;scroll&#8221; rt_bg_video_format=&#8221;self-hosted&#8221;][vc_column rt_column_shadow=&#8221;&#8221; rt_bg_image_repeat=&#8221;repeat&#8221; rt_bg_size=&#8221;auto auto&#8221; rt_bg_attachment=&#8221;scroll&#8221;][vc_column_text]<img loading=\"lazy\" decoding=\"async\" class=\"wp-image-2825 size-medium alignleft\" src=\"http:\/\/demo.carpatec.es\/wp-content\/uploads\/2020\/08\/Lonas-Tensadas-Canet-7-300x169.jpg\" alt=\"\" width=\"300\" height=\"169\" srcset=\"https:\/\/www.carpatec.es\/en\/wp-content\/uploads\/2020\/08\/Lonas-Tensadas-Canet-7-300x169.jpg 300w, https:\/\/www.carpatec.es\/en\/wp-content\/uploads\/2020\/08\/Lonas-Tensadas-Canet-7-768x432.jpg 768w, https:\/\/www.carpatec.es\/en\/wp-content\/uploads\/2020\/08\/Lonas-Tensadas-Canet-7.jpg 800w\" sizes=\"(max-width: 300px) 100vw, 300px\" \/><\/p>\n<h3>We design all sorts of Tensile Textile Covers<\/h3>\n<p>Carpatec\u00ae is one of the few companies capable of carrying out a Textile Architecture project from start to finish. This includes initial and detailed design and calculations, structure manufacture and assembly, membrane manufacture and installation.<\/p>\n<p>&nbsp;<\/p>\n<p>We have one of the most powerful and precise pieces of software capable of carrying out the design, analysis and patterning of membranes: FORTEN IXCUBE and WINTEX 3.<\/p>\n<p>We are specialists in PVC membranes, and use the highest quality raw material from German, French and Spanish suppliers.[\/vc_column_text][\/vc_column][\/vc_row][vc_row rt_row_background_width=&#8221;fullwidth&#8221; rt_row_content_width=&#8221;default&#8221; rt_row_style=&#8221;default-style&#8221; rt_row_borders=&#8221;&#8221; rt_row_shadows=&#8221;&#8221; rt_row_paddings=&#8221;true&#8221; rt_bg_effect=&#8221;classic&#8221; rt_bg_image_repeat=&#8221;repeat&#8221; rt_bg_size=&#8221;cover&#8221; rt_bg_position=&#8221;right top&#8221; rt_bg_attachment=&#8221;scroll&#8221; rt_bg_video_format=&#8221;self-hosted&#8221;][vc_column width=&#8221;1\/2&#8243; rt_column_shadow=&#8221;&#8221; rt_bg_image_repeat=&#8221;repeat&#8221; rt_bg_size=&#8221;auto auto&#8221; rt_bg_attachment=&#8221;scroll&#8221;]<article  class=\"image-content-box content-box box-style-1 center\"><div class=\"featured_image_holder\"><a href=\"\/en\/textile-architecture\/tensile-structures\/\" title=\"\" target=\"_self\"><img decoding=\"async\" class=\"img-responsive\" src=\"https:\/\/www.carpatec.es\/en\/wp-content\/uploads\/2020\/09\/textilachitecture_2.jpg\" alt=\"\" \/><\/a><\/div><div class=\"text-holder\">\n\t<h5 class=\"heading\" >\n\t\t<a href=\"\/en\/textile-architecture\/tensile-structures\/\" title=\"Tensile Structures\" target=\"_self\" >\n\t\t\tTensile Structures\n\t\t<\/a>\n\t<\/h5> <\/div><\/article>[\/vc_column][vc_column width=&#8221;1\/2&#8243; rt_column_shadow=&#8221;&#8221; rt_bg_image_repeat=&#8221;repeat&#8221; rt_bg_size=&#8221;auto auto&#8221; rt_bg_attachment=&#8221;scroll&#8221;]<article  class=\"image-content-box content-box box-style-1 center\"><div class=\"featured_image_holder\"><a href=\"\/en\/textile-architectures\/textile-facades\/\" title=\"\" target=\"_self\"><img decoding=\"async\" class=\"img-responsive\" src=\"https:\/\/www.carpatec.es\/en\/wp-content\/uploads\/2020\/08\/conica-interior.jpg\" alt=\"\" \/><\/a><\/div><div class=\"text-holder\">\n\t<h5 class=\"heading\" >\n\t\t<a href=\"\/en\/textile-architectures\/textile-facades\/\" title=\"Textile Facades\" target=\"_self\" >\n\t\t\tTextile Facades\n\t\t<\/a>\n\t<\/h5> <\/div><\/article>[\/vc_column][\/vc_row]<\/p>\n","protected":false},"excerpt":{"rendered":"<p>[vc_row rt_row_background_width=&#8221;fullwidth&#8221; rt_row_content_width=&#8221;default&#8221; rt_row_style=&#8221;default-style&#8221; rt_row_borders=&#8221;&#8221; rt_row_shadows=&#8221;&#8221; rt_row_paddings=&#8221;true&#8221; rt_bg_effect=&#8221;classic&#8221; rt_bg_image_repeat=&#8221;repeat&#8221; rt_bg_size=&#8221;cover&#8221; rt_bg_position=&#8221;right top&#8221; rt_bg_attachment=&#8221;scroll&#8221; rt_bg_video_format=&#8221;self-hosted&#8221;][vc_column rt_column_shadow=&#8221;&#8221; rt_bg_image_repeat=&#8221;repeat&#8221; rt_bg_size=&#8221;auto auto&#8221; rt_bg_attachment=&#8221;scroll&#8221;][vc_column_text] We design all sorts of Tensile Textile Covers Carpatec\u00ae is one of the few companies capable of carrying out a Textile Architecture project from start to finish. This includes initial and detailed design and calculations, structure &#8230; <a class=\"more-link\" href=\"https:\/\/www.carpatec.es\/en\/textile-architecture\/\">Continue reading<\/a><\/p>\n","protected":false},"author":1,"featured_media":0,"parent":0,"menu_order":0,"comment_status":"closed","ping_status":"closed","template":"","meta":{"footnotes":""},"class_list":["post-2822","page","type-page","status-publish","hentry"],"yoast_head":"<!-- This site is optimized with the Yoast SEO plugin v23.6 - https:\/\/yoast.com\/wordpress\/plugins\/seo\/ -->\n<title>Textile Architecture - Carpatec<\/title>\n<meta name=\"description\" content=\"Carpatec desarrolla proyectos de arquitectura textil en todas sus etapas. Dise\u00f1o, c\u00e1lculo, fabricaci\u00f3n de estructura, confecci\u00f3n de membrana e instalaci\u00f3n\" \/>\n<meta name=\"robots\" content=\"index, follow, max-snippet:-1, max-image-preview:large, max-video-preview:-1\" \/>\n<link rel=\"canonical\" href=\"https:\/\/www.carpatec.es\/en\/textile-architecture\/\" \/>\n<meta property=\"og:locale\" content=\"en_US\" \/>\n<meta property=\"og:type\" content=\"article\" \/>\n<meta property=\"og:title\" content=\"Textile Architecture - Carpatec\" \/>\n<meta property=\"og:description\" content=\"Carpatec desarrolla proyectos de arquitectura textil en todas sus etapas. Dise\u00f1o, c\u00e1lculo, fabricaci\u00f3n de estructura, confecci\u00f3n de membrana e instalaci\u00f3n\" \/>\n<meta property=\"og:url\" content=\"https:\/\/www.carpatec.es\/en\/textile-architecture\/\" \/>\n<meta property=\"og:site_name\" content=\"Carpatec\" \/>\n<meta property=\"article:modified_time\" content=\"2020-10-13T18:22:11+00:00\" \/>\n<meta property=\"og:image\" content=\"http:\/\/demo.carpatec.es\/wp-content\/uploads\/2020\/08\/Lonas-Tensadas-Canet-7-300x169.jpg\" \/>\n<meta name=\"twitter:card\" content=\"summary_large_image\" \/>\n<meta name=\"twitter:label1\" content=\"Est. reading time\" \/>\n\t<meta name=\"twitter:data1\" content=\"2 minutes\" \/>\n<script type=\"application\/ld+json\" class=\"yoast-schema-graph\">{\"@context\":\"https:\/\/schema.org\",\"@graph\":[{\"@type\":\"WebPage\",\"@id\":\"https:\/\/www.carpatec.es\/en\/textile-architecture\/\",\"url\":\"https:\/\/www.carpatec.es\/en\/textile-architecture\/\",\"name\":\"Textile Architecture - Carpatec\",\"isPartOf\":{\"@id\":\"https:\/\/www.carpatec.es\/en\/#website\"},\"primaryImageOfPage\":{\"@id\":\"https:\/\/www.carpatec.es\/en\/textile-architecture\/#primaryimage\"},\"image\":{\"@id\":\"https:\/\/www.carpatec.es\/en\/textile-architecture\/#primaryimage\"},\"thumbnailUrl\":\"http:\/\/demo.carpatec.es\/wp-content\/uploads\/2020\/08\/Lonas-Tensadas-Canet-7-300x169.jpg\",\"datePublished\":\"2020-08-07T11:42:41+00:00\",\"dateModified\":\"2020-10-13T18:22:11+00:00\",\"description\":\"Carpatec desarrolla proyectos de arquitectura textil en todas sus etapas. Dise\u00f1o, c\u00e1lculo, fabricaci\u00f3n de estructura, confecci\u00f3n de membrana e instalaci\u00f3n\",\"breadcrumb\":{\"@id\":\"https:\/\/www.carpatec.es\/en\/textile-architecture\/#breadcrumb\"},\"inLanguage\":\"en-GB\",\"potentialAction\":[{\"@type\":\"ReadAction\",\"target\":[\"https:\/\/www.carpatec.es\/en\/textile-architecture\/\"]}]},{\"@type\":\"ImageObject\",\"inLanguage\":\"en-GB\",\"@id\":\"https:\/\/www.carpatec.es\/en\/textile-architecture\/#primaryimage\",\"url\":\"http:\/\/demo.carpatec.es\/wp-content\/uploads\/2020\/08\/Lonas-Tensadas-Canet-7-300x169.jpg\",\"contentUrl\":\"http:\/\/demo.carpatec.es\/wp-content\/uploads\/2020\/08\/Lonas-Tensadas-Canet-7-300x169.jpg\"},{\"@type\":\"BreadcrumbList\",\"@id\":\"https:\/\/www.carpatec.es\/en\/textile-architecture\/#breadcrumb\",\"itemListElement\":[{\"@type\":\"ListItem\",\"position\":1,\"name\":\"Portada\",\"item\":\"https:\/\/www.carpatec.es\/en\/\"},{\"@type\":\"ListItem\",\"position\":2,\"name\":\"Textile Architecture\"}]},{\"@type\":\"WebSite\",\"@id\":\"https:\/\/www.carpatec.es\/en\/#website\",\"url\":\"https:\/\/www.carpatec.es\/en\/\",\"name\":\"Carpatec\",\"description\":\"\",\"potentialAction\":[{\"@type\":\"SearchAction\",\"target\":{\"@type\":\"EntryPoint\",\"urlTemplate\":\"https:\/\/www.carpatec.es\/en\/?s={search_term_string}\"},\"query-input\":{\"@type\":\"PropertyValueSpecification\",\"valueRequired\":true,\"valueName\":\"search_term_string\"}}],\"inLanguage\":\"en-GB\"}]}<\/script>\n<!-- \/ Yoast SEO plugin. -->","yoast_head_json":{"title":"Textile Architecture - Carpatec","description":"Carpatec desarrolla proyectos de arquitectura textil en todas sus etapas. Dise\u00f1o, c\u00e1lculo, fabricaci\u00f3n de estructura, confecci\u00f3n de membrana e instalaci\u00f3n","robots":{"index":"index","follow":"follow","max-snippet":"max-snippet:-1","max-image-preview":"max-image-preview:large","max-video-preview":"max-video-preview:-1"},"canonical":"https:\/\/www.carpatec.es\/en\/textile-architecture\/","og_locale":"en_US","og_type":"article","og_title":"Textile Architecture - Carpatec","og_description":"Carpatec desarrolla proyectos de arquitectura textil en todas sus etapas. Dise\u00f1o, c\u00e1lculo, fabricaci\u00f3n de estructura, confecci\u00f3n de membrana e instalaci\u00f3n","og_url":"https:\/\/www.carpatec.es\/en\/textile-architecture\/","og_site_name":"Carpatec","article_modified_time":"2020-10-13T18:22:11+00:00","og_image":[{"url":"http:\/\/demo.carpatec.es\/wp-content\/uploads\/2020\/08\/Lonas-Tensadas-Canet-7-300x169.jpg"}],"twitter_card":"summary_large_image","twitter_misc":{"Est. reading time":"2 minutes"},"schema":{"@context":"https:\/\/schema.org","@graph":[{"@type":"WebPage","@id":"https:\/\/www.carpatec.es\/en\/textile-architecture\/","url":"https:\/\/www.carpatec.es\/en\/textile-architecture\/","name":"Textile Architecture - Carpatec","isPartOf":{"@id":"https:\/\/www.carpatec.es\/en\/#website"},"primaryImageOfPage":{"@id":"https:\/\/www.carpatec.es\/en\/textile-architecture\/#primaryimage"},"image":{"@id":"https:\/\/www.carpatec.es\/en\/textile-architecture\/#primaryimage"},"thumbnailUrl":"http:\/\/demo.carpatec.es\/wp-content\/uploads\/2020\/08\/Lonas-Tensadas-Canet-7-300x169.jpg","datePublished":"2020-08-07T11:42:41+00:00","dateModified":"2020-10-13T18:22:11+00:00","description":"Carpatec desarrolla proyectos de arquitectura textil en todas sus etapas. Dise\u00f1o, c\u00e1lculo, fabricaci\u00f3n de estructura, confecci\u00f3n de membrana e instalaci\u00f3n","breadcrumb":{"@id":"https:\/\/www.carpatec.es\/en\/textile-architecture\/#breadcrumb"},"inLanguage":"en-GB","potentialAction":[{"@type":"ReadAction","target":["https:\/\/www.carpatec.es\/en\/textile-architecture\/"]}]},{"@type":"ImageObject","inLanguage":"en-GB","@id":"https:\/\/www.carpatec.es\/en\/textile-architecture\/#primaryimage","url":"http:\/\/demo.carpatec.es\/wp-content\/uploads\/2020\/08\/Lonas-Tensadas-Canet-7-300x169.jpg","contentUrl":"http:\/\/demo.carpatec.es\/wp-content\/uploads\/2020\/08\/Lonas-Tensadas-Canet-7-300x169.jpg"},{"@type":"BreadcrumbList","@id":"https:\/\/www.carpatec.es\/en\/textile-architecture\/#breadcrumb","itemListElement":[{"@type":"ListItem","position":1,"name":"Portada","item":"https:\/\/www.carpatec.es\/en\/"},{"@type":"ListItem","position":2,"name":"Textile Architecture"}]},{"@type":"WebSite","@id":"https:\/\/www.carpatec.es\/en\/#website","url":"https:\/\/www.carpatec.es\/en\/","name":"Carpatec","description":"","potentialAction":[{"@type":"SearchAction","target":{"@type":"EntryPoint","urlTemplate":"https:\/\/www.carpatec.es\/en\/?s={search_term_string}"},"query-input":{"@type":"PropertyValueSpecification","valueRequired":true,"valueName":"search_term_string"}}],"inLanguage":"en-GB"}]}},"_links":{"self":[{"href":"https:\/\/www.carpatec.es\/en\/wp-json\/wp\/v2\/pages\/2822"}],"collection":[{"href":"https:\/\/www.carpatec.es\/en\/wp-json\/wp\/v2\/pages"}],"about":[{"href":"https:\/\/www.carpatec.es\/en\/wp-json\/wp\/v2\/types\/page"}],"author":[{"embeddable":true,"href":"https:\/\/www.carpatec.es\/en\/wp-json\/wp\/v2\/users\/1"}],"replies":[{"embeddable":true,"href":"https:\/\/www.carpatec.es\/en\/wp-json\/wp\/v2\/comments?post=2822"}],"version-history":[{"count":19,"href":"https:\/\/www.carpatec.es\/en\/wp-json\/wp\/v2\/pages\/2822\/revisions"}],"predecessor-version":[{"id":4229,"href":"https:\/\/www.carpatec.es\/en\/wp-json\/wp\/v2\/pages\/2822\/revisions\/4229"}],"wp:attachment":[{"href":"https:\/\/www.carpatec.es\/en\/wp-json\/wp\/v2\/media?parent=2822"}],"curies":[{"name":"wp","href":"https:\/\/api.w.org\/{rel}","templated":true}]}}